{"id":20,"date":"2014-03-07T14:53:05","date_gmt":"2014-03-07T12:53:05","guid":{"rendered":"http:\/\/ravena-wolf.de\/?page_id=20"},"modified":"2014-03-24T09:11:26","modified_gmt":"2014-03-24T07:11:26","slug":"bestellen","status":"publish","type":"page","link":"https:\/\/ravena-wolf.com\/en\/bestellen\/","title":{"rendered":"Order (german)"},"content":{"rendered":"\n<div class=\"wpcf7 no-js\" id=\"wpcf7-f16-o1\" lang=\"de-DE\" dir=\"ltr\" data-wpcf7-id=\"16\">\n<div class=\"screen-reader-response\"><p role=\"status\" aria-live=\"polite\" aria-atomic=\"true\"><\/p> <ul><\/ul><\/div>\n<form action=\"\/en\/wp-json\/wp\/v2\/pages\/20#wpcf7-f16-o1\" method=\"post\" class=\"wpcf7-form init\" aria-label=\"Kontaktformular\" novalidate=\"novalidate\" data-status=\"init\">\n<fieldset class=\"hidden-fields-container\"><input type=\"hidden\" name=\"_wpcf7\" value=\"16\"><input type=\"hidden\" name=\"_wpcf7_version\" value=\"6.1.3\"><input type=\"hidden\" name=\"_wpcf7_locale\" value=\"de_DE\"><input type=\"hidden\" name=\"_wpcf7_unit_tag\" value=\"wpcf7-f16-o1\"><input type=\"hidden\" name=\"_wpcf7_container_post\" value=\"0\"><input type=\"hidden\" name=\"_wpcf7_posted_data_hash\" value><input type=\"hidden\" name=\"_wpcf7_recaptcha_response\" value>\n<\/fieldset>\n<div style=\"margin-left:30px;\">\n\t<table>\n\t\t<tr>\n\t\t\t<td width=\"170px\">\n\t\t\t\t<p><img decoding=\"async\" src=\"https:\/\/ravena-wolf.de\/wp-content\/uploads\/2014\/03\/dwrg.png\" width=\"120px\" style=\"margin:0 auto;\">\n\t\t\t\t<\/p>\n\t\t\t<\/td>\n\t\t\t<td>\n\t\t\t\t<p class=\"normal\"><b>Die wei\u00ad\u00dfe&nbsp;Rabin<\/b>\n\t\t\t\t<\/p>\n\t\t\t\t<p>Eine scha\u00adma\u00adni\u00adsche Rei\u00adse zur Quel\u00adle mei\u00adner&nbsp;Kraft&nbsp;<\/p>\n\t\t\t\t<p class=\"normal\">von Rave\u00adna&nbsp;Wolf&nbsp;<\/p>\n\t\t\t\t<p>Arka\u00adna Ver\u00adlag, <span class=\"caps\">ISBN<\/span> 978\u20133\u2011442\u201334157\u20113\n\t\t\t\t<\/p>\n\t\t\t\t<p class=\"normal\">19,99 \u20ac (ver\u00adsand\u00adkos\u00adten\u00adfrei inner\u00adhalb Deutschlands)&nbsp;<\/p>\n\t\t\t\t<table>\n\t\t\t\t\t<tr>\n\t\t\t\t\t\t<td width=\"130px\">\n\t\t\t\t\t\t\t<p>Anzahl\n\t\t\t\t\t\t\t<\/p>\n\t\t\t\t\t\t<\/td>\n\t\t\t\t\t\t<td>\n\t\t\t\t\t\t\t<p>Auf Wunsch signiert&nbsp;<\/p>\n\t\t\t\t\t\t<\/td>\n\t\t\t\t\t<\/tr>\n\t\t\t\t\t<tr>\n\t\t\t\t\t\t<td>\n\t\t\t\t\t\t\t<p><span class=\"wpcf7-form-control-wrap\" data-name=\"Anzahl\"><input size=\"3\" maxlength=\"2\" class=\"wpcf7-form-control wpcf7-text\" aria-invalid=\"false\" value=\"1\" type=\"text\" name=\"Anzahl\"><\/span>\n\t\t\t\t\t\t\t<\/p>\n\t\t\t\t\t\t<\/td>\n\t\t\t\t\t\t<td>\n\t\t\t\t\t\t\t<p><span class=\"wpcf7-form-control-wrap\" data-name=\"Signiert\"><span class=\"wpcf7-form-control wpcf7-checkbox\"><span class=\"wpcf7-list-item first last\"><input type=\"checkbox\" name=\"Signiert[]\" value=\"Ja\"><span class=\"wpcf7-list-item-label\">Ja<\/span><\/span><\/span><\/span>\n\t\t\t\t\t\t\t<\/p>\n\t\t\t\t\t\t<\/td>\n\t\t\t\t\t<\/tr>\n\t\t\t\t<\/table>\n\t\t\t<\/td>\n\t\t<\/tr>\n\t<\/table>\n\t<p>&nbsp;\n\t<\/p>\n<\/div>\n<div style=\"margin-left:30px;margin-bottom:30px;\">\n\t<table>\n\t\t<tr>\n\t\t\t<td width=\"170px\">\n\t\t\t\t<p><img decoding=\"async\" src=\"https:\/\/ravena-wolf.de\/wp-content\/uploads\/2014\/03\/Medi-B\u00fcchlein1.png\" width=\"120px\" style=\"margin:0 auto;\">\n\t\t\t\t<\/p>\n\t\t\t<\/td>\n\t\t\t<td>\n\t\t\t\t<p class=\"normal\"><b>Medi\u00adta\u00adti\u00adon der&nbsp;Liebe<\/b>\n\t\t\t\t<\/p>\n\t\t\t\t<p class=\"normal\">von Rave\u00adna&nbsp;Wolf&nbsp;<\/p>\n\t\t\t\t<p>ch.falk-verlag, <span class=\"caps\">ISBN<\/span> 3\u201389568-140\u20137\n\t\t\t\t<\/p>\n\t\t\t\t<p class=\"normal\">12,90 \u20ac (ver\u00adsand\u00adkos\u00adten\u00adfrei inner\u00adhalb Deutschlands)&nbsp;<\/p>\n\t\t\t\t<table>\n\t\t\t\t\t<tr>\n\t\t\t\t\t\t<td width=\"130px\">\n\t\t\t\t\t\t\t<p>Anzahl\n\t\t\t\t\t\t\t<\/p>\n\t\t\t\t\t\t<\/td>\n\t\t\t\t\t\t<td>\n\t\t\t\t\t\t\t<p>Auf Wunsch signiert&nbsp;<\/p>\n\t\t\t\t\t\t<\/td>\n\t\t\t\t\t<\/tr>\n\t\t\t\t\t<tr>\n\t\t\t\t\t\t<td>\n\t\t\t\t\t\t\t<p><span class=\"wpcf7-form-control-wrap\" data-name=\"anzahlmitcd\"><input size=\"3\" maxlength=\"2\" class=\"wpcf7-form-control wpcf7-text\" aria-invalid=\"false\" value=\"0\" type=\"text\" name=\"anzahlmitcd\"><\/span>\n\t\t\t\t\t\t\t<\/p>\n\t\t\t\t\t\t<\/td>\n\t\t\t\t\t\t<td>\n\t\t\t\t\t\t\t<p><span class=\"wpcf7-form-control-wrap\" data-name=\"aufwunschsigniertmitcd\"><span class=\"wpcf7-form-control wpcf7-checkbox\"><span class=\"wpcf7-list-item first last\"><input type=\"checkbox\" name=\"aufwunschsigniertmitcd[]\" value=\"ja\"><span class=\"wpcf7-list-item-label\">ja<\/span><\/span><\/span><\/span>\n\t\t\t\t\t\t\t<\/p>\n\t\t\t\t\t\t<\/td>\n\t\t\t\t\t<\/tr>\n\t\t\t\t<\/table>\n\t\t\t<\/td>\n\t\t<\/tr>\n\t<\/table>\n<\/div>\n<p><b>Lie\u00adfer\u00adadres\u00adse<\/b>\n<\/p>\n<table>\n\t<tr>\n\t\t<td>\n\t\t\t<p>* Vor\u00adna\u00adme<br>\n<span class=\"wpcf7-form-control-wrap\" data-name=\"vorname\"><input size=\"20\" maxlength=\"20\" class=\"wpcf7-form-control wpcf7-text wpcf7-validates-as-required\" aria-required=\"true\" aria-invalid=\"false\" value type=\"text\" name=\"vorname\"><\/span>\n\t\t\t<\/p>\n\t\t<\/td>\n\t\t<td>\n\t\t\t<p>* Nach\u00adna\u00adme<br>\n<span class=\"wpcf7-form-control-wrap\" data-name=\"nachname\"><input size=\"20\" maxlength=\"40\" class=\"wpcf7-form-control wpcf7-text wpcf7-validates-as-required\" aria-required=\"true\" aria-invalid=\"false\" value type=\"text\" name=\"nachname\"><\/span>\n\t\t\t<\/p>\n\t\t<\/td>\n\t<\/tr>\n\t<tr>\n\t\t<td colspan=\"2\">\n\t\t\t<p>* Stra\u00ad\u00dfe \/ Hausnummer&nbsp;<\/p>\n\t\t\t<p><span class=\"wpcf7-form-control-wrap\" data-name=\"strasse\"><input size=\"46\" maxlength=\"60\" class=\"wpcf7-form-control wpcf7-text wpcf7-validates-as-required\" aria-required=\"true\" aria-invalid=\"false\" value type=\"text\" name=\"strasse\"><\/span>\n\t\t\t<\/p>\n\t\t<\/td>\n\t<\/tr>\n\t<tr>\n\t\t<td>\n\t\t\t<p>* <span class=\"caps\">PLZ<\/span><br>\n<span class=\"wpcf7-form-control-wrap\" data-name=\"plz\"><input size=\"9\" maxlength=\"10\" class=\"wpcf7-form-control wpcf7-text wpcf7-validates-as-required\" aria-required=\"true\" aria-invalid=\"false\" value type=\"text\" name=\"plz\"><\/span>\n\t\t\t<\/p>\n\t\t<\/td>\n\t\t<td>\n\t\t\t<p>* Ort<br>\n<span class=\"wpcf7-form-control-wrap\" data-name=\"Ort\"><input size=\"20\" maxlength=\"40\" class=\"wpcf7-form-control wpcf7-text wpcf7-validates-as-required\" aria-required=\"true\" aria-invalid=\"false\" value type=\"text\" name=\"Ort\"><\/span>\n\t\t\t<\/p>\n\t\t<\/td>\n\t<\/tr>\n\t<tr>\n\t\t<td colspan=\"2\">\n\t\t\t<p>* Tele\u00adfon\u00adnum\u00admer\n\t\t\t<\/p>\n\t\t\t<p><span class=\"wpcf7-form-control-wrap\" data-name=\"Telefonnummer\"><input size=\"46\" maxlength=\"15\" class=\"wpcf7-form-control wpcf7-tel wpcf7-validates-as-required wpcf7-text wpcf7-validates-as-tel\" aria-required=\"true\" aria-invalid=\"false\" value type=\"tel\" name=\"Telefonnummer\"><\/span>\n\t\t\t<\/p>\n\t\t<\/td>\n\t<\/tr>\n\t<tr>\n\t\t<td colspan=\"2\">\n\t\t\t<p>* E\u2011Mail-Adres\u00adse\n\t\t\t<\/p>\n\t\t\t<p><span class=\"wpcf7-form-control-wrap\" data-name=\"EMail\"><input size=\"46\" maxlength=\"40\" class=\"wpcf7-form-control wpcf7-email wpcf7-validates-as-required wpcf7-text wpcf7-validates-as-email\" aria-required=\"true\" aria-invalid=\"false\" value type=\"email\" name=\"EMail\"><\/span>\n\t\t\t<\/p>\n\t\t<\/td>\n\t<\/tr>\n<\/table>\n<p><span class=\"wpcf7-form-control-wrap\" data-name=\"textarea-513\"><textarea cols=\"40\" rows=\"10\" maxlength=\"10000\" class=\"wpcf7-form-control wpcf7-textarea\" aria-invalid=\"false\" placeholder=\"Wenn Sie zus\u00e4tzliche W\u00fcnsche oder Anregungen haben, k\u00f6nnen Sie uns gerne hier eine Nachricht hinterlassen.\" name=\"textarea-513\"><\/textarea><\/span>\n<\/p>\n<p><input class=\"wpcf7-form-control wpcf7-submit has-spinner\" type=\"submit\" value=\"Bestellen\">\n<\/p><div class=\"wpcf7-response-output\" aria-hidden=\"true\"><\/div>\n<\/form>\n<\/div>\n\n","protected":false},"excerpt":{"rendered":"","protected":false},"author":1,"featured_media":0,"parent":0,"menu_order":0,"comment_status":"closed","ping_status":"open","template":"page-kontakt.php","meta":{"wp_typography_post_enhancements_disabled":false,"jetpack_post_was_ever_published":false,"footnotes":""},"class_list":["post-20","page","type-page","status-publish","hentry"],"jetpack_sharing_enabled":true,"jetpack_shortlink":"https:\/\/wp.me\/P4pOjT-k","_links":{"self":[{"href":"https:\/\/ravena-wolf.com\/en\/wp-json\/wp\/v2\/pages\/20","targetHints":{"allow":["GET"]}}],"collection":[{"href":"https:\/\/ravena-wolf.com\/en\/wp-json\/wp\/v2\/pages"}],"about":[{"href":"https:\/\/ravena-wolf.com\/en\/wp-json\/wp\/v2\/types\/page"}],"author":[{"embeddable":true,"href":"https:\/\/ravena-wolf.com\/en\/wp-json\/wp\/v2\/users\/1"}],"replies":[{"embeddable":true,"href":"https:\/\/ravena-wolf.com\/en\/wp-json\/wp\/v2\/comments?post=20"}],"version-history":[{"count":4,"href":"https:\/\/ravena-wolf.com\/en\/wp-json\/wp\/v2\/pages\/20\/revisions"}],"predecessor-version":[{"id":788,"href":"https:\/\/ravena-wolf.com\/en\/wp-json\/wp\/v2\/pages\/20\/revisions\/788"}],"wp:attachment":[{"href":"https:\/\/ravena-wolf.com\/en\/wp-json\/wp\/v2\/media?parent=20"}],"curies":[{"name":"wp","href":"https:\/\/api.w.org\/{rel}","templated":true}]}}